{"id":94,"date":"2024-07-26T23:37:06","date_gmt":"2024-07-26T23:37:06","guid":{"rendered":"https:\/\/eurocc2.web.ua.pt\/?page_id=94"},"modified":"2024-09-18T14:10:01","modified_gmt":"2024-09-18T14:10:01","slug":"hpcua","status":"publish","type":"page","link":"https:\/\/eurocc2.web.ua.pt\/index.php\/hpcua\/","title":{"rendered":"HPC@UA"},"content":{"rendered":"\n<div class=\"wp-block-group alignwide is-layout-flow wp-container-core-group-is-layout-1 wp-block-group-is-layout-flow\">\n<h2 class=\"wp-block-heading\">O HPC na Universidade de Aveiro<\/h2>\n\n\n\n<div class=\"wp-block-columns is-layout-flex wp-container-core-columns-is-layout-1 wp-block-columns-is-layout-flex\">\n<div class=\"wp-block-column is-layout-flow wp-block-column-is-layout-flow\" style=\"flex-basis:60%\">\n<h3 class=\"wp-block-heading\">Argus<\/h3>\n\n\n\n<p>O Argus \u00e9 um cluster de computa\u00e7\u00e3o de alta performance criado em colabora\u00e7\u00e3o entre v\u00e1rios departamentos e unidades de investiga\u00e7\u00e3o. Este est\u00e1 alojado no datacenter dos servi\u00e7os de tecnologias de informa\u00e7\u00e3o e comunica\u00e7\u00e3o (STIC) e \u00e9 gerido por estes.<\/p>\n\n\n\n<div style=\"height:20px\" aria-hidden=\"true\" class=\"wp-block-spacer\"><\/div>\n\n\n\n<div class=\"wp-block-buttons is-content-justification-center is-layout-flex wp-container-core-buttons-is-layout-1 wp-block-buttons-is-layout-flex\">\n<div class=\"wp-block-button\"><a class=\"wp-block-button__link wp-element-button\" href=\"https:\/\/www.ua.pt\/pt\/stic\/page\/20803\">Descobre mais sobre o Argus no site dos STIC<\/a><\/div>\n<\/div>\n<\/div>\n\n\n\n<div class=\"wp-block-column is-vertically-aligned-center is-layout-flow wp-block-column-is-layout-flow\" style=\"flex-basis:40%\"><\/div>\n<\/div>\n\n\n\n<div style=\"height:40px\" aria-hidden=\"true\" class=\"wp-block-spacer\"><\/div>\n\n\n\n<div class=\"wp-block-columns columns-reverse is-layout-flex wp-container-core-columns-is-layout-2 wp-block-columns-is-layout-flex\">\n<div class=\"wp-block-column is-layout-flow wp-block-column-is-layout-flow\" style=\"flex-basis:60%\">\n<h3 class=\"wp-block-heading\">Centro de Visualiza\u00e7\u00e3o Avan\u00e7ada<\/h3>\n\n\n\n<p>O CVA-UA \u00e9 um centro de compet\u00eancias da Rede Nacional de Computa\u00e7\u00e3o Avan\u00e7ada (RNCA) que fornece aos investigadores e parceiros industriais da UA suporte para visualiza\u00e7\u00f5es de dados de grande escala e tamb\u00e9m equipamentos de suporte a computa\u00e7\u00e3o em VR e AR. <\/p>\n\n\n\n<div style=\"height:20px\" aria-hidden=\"true\" class=\"wp-block-spacer\"><\/div>\n\n\n\n<div class=\"wp-block-buttons is-content-justification-center is-layout-flex wp-container-core-buttons-is-layout-2 wp-block-buttons-is-layout-flex\">\n<div class=\"wp-block-button\"><a class=\"wp-block-button__link wp-element-button\" href=\"http:\/\/videowall.web.ua.pt\/\">Descobre mais sobre o CVA-UA<\/a><\/div>\n\n\n\n<div class=\"wp-block-button\"><a class=\"wp-block-button__link wp-element-button\" href=\"https:\/\/rnca.fccn.pt\/cva-ua\/\">O CVA-UA no site da RNCA<\/a><\/div>\n<\/div>\n<\/div>\n\n\n\n<div class=\"wp-block-column is-vertically-aligned-center is-layout-flow wp-block-column-is-layout-flow\" style=\"flex-basis:40%\">\n<figure class=\"wp-block-image aligncenter size-full\"><img loading=\"lazy\" decoding=\"async\" width=\"858\" height=\"487\" src=\"https:\/\/eurocc2.web.ua.pt\/wp-content\/uploads\/2024\/08\/ccvca_ua-1.jpg\" alt=\"\" class=\"wp-image-508\" srcset=\"https:\/\/eurocc2.web.ua.pt\/wp-content\/uploads\/2024\/08\/ccvca_ua-1.jpg 858w, https:\/\/eurocc2.web.ua.pt\/wp-content\/uploads\/2024\/08\/ccvca_ua-1-300x170.jpg 300w, https:\/\/eurocc2.web.ua.pt\/wp-content\/uploads\/2024\/08\/ccvca_ua-1-768x436.jpg 768w\" sizes=\"(max-width: 858px) 100vw, 858px\" \/><\/figure>\n<\/div>\n<\/div>\n<\/div>\n\n\n\n<div class=\"wp-block-group alignfull has-base-2-background-color has-background has-global-padding is-layout-constrained wp-container-core-group-is-layout-2 wp-block-group-is-layout-constrained\" style=\"padding-top:var(--wp--preset--spacing--40);padding-bottom:var(--wp--preset--spacing--40)\">\n<h2 class=\"wp-block-heading\">O HPC em Portugal<\/h2>\n\n\n\n<div class=\"wp-block-columns is-layout-flex wp-container-core-columns-is-layout-3 wp-block-columns-is-layout-flex\">\n<div class=\"wp-block-column is-layout-flow wp-block-column-is-layout-flow\" style=\"flex-basis:60%\">\n<h3 class=\"wp-block-heading\">Rede Nacional de Computa\u00e7\u00e3o Avan\u00e7ada<\/h3>\n\n\n\n<p>A RNCA \u00e9 um projeto da Funda\u00e7\u00e3o para a Ci\u00eancia e a Tecnologia (FCT) que fornece uma plataforma de acesso \u00e0 computa\u00e7\u00e3o avan\u00e7ada, sendo os recursos fornecidos pelos centros operacionais e o apoio a utiliza\u00e7\u00e3o pelos centros operacionais. O acesso a RNCA est\u00e1 dispon\u00edvel a investigadores e empresas por meio de concursos gratuitos.<\/p>\n\n\n\n<div style=\"height:20px\" aria-hidden=\"true\" class=\"wp-block-spacer\"><\/div>\n\n\n\n<div class=\"wp-block-buttons is-content-justification-center is-layout-flex wp-container-core-buttons-is-layout-3 wp-block-buttons-is-layout-flex\">\n<div class=\"wp-block-button\"><a class=\"wp-block-button__link wp-element-button\" href=\"https:\/\/rnca.fccn.pt\/\">Mais informa\u00e7\u00e3o no site oficial da RNCA<\/a><\/div>\n<\/div>\n<\/div>\n\n\n\n<div class=\"wp-block-column is-vertically-aligned-center is-layout-flow wp-block-column-is-layout-flow\" style=\"flex-basis:40%\">\n<figure class=\"wp-block-image size-large\"><img loading=\"lazy\" decoding=\"async\" width=\"1024\" height=\"376\" src=\"https:\/\/eurocc2.web.ua.pt\/wp-content\/uploads\/2024\/08\/rnca_logo-1024x376.png\" alt=\"\" class=\"wp-image-514\" srcset=\"https:\/\/eurocc2.web.ua.pt\/wp-content\/uploads\/2024\/08\/rnca_logo-1024x376.png 1024w, https:\/\/eurocc2.web.ua.pt\/wp-content\/uploads\/2024\/08\/rnca_logo-300x110.png 300w, https:\/\/eurocc2.web.ua.pt\/wp-content\/uploads\/2024\/08\/rnca_logo-768x282.png 768w, https:\/\/eurocc2.web.ua.pt\/wp-content\/uploads\/2024\/08\/rnca_logo-1536x563.png 1536w, https:\/\/eurocc2.web.ua.pt\/wp-content\/uploads\/2024\/08\/rnca_logo.png 2048w\" sizes=\"(max-width: 1024px) 100vw, 1024px\" \/><\/figure>\n<\/div>\n<\/div>\n\n\n\n<div style=\"height:40px\" aria-hidden=\"true\" class=\"wp-block-spacer\"><\/div>\n\n\n\n<div class=\"wp-block-columns columns-reverse is-layout-flex wp-container-core-columns-is-layout-4 wp-block-columns-is-layout-flex\">\n<div class=\"wp-block-column is-layout-flow wp-block-column-is-layout-flow\" style=\"flex-basis:60%\">\n<h3 class=\"wp-block-heading\">HPCvLAB<\/h3>\n\n\n\n<p>O Laborat\u00f3rio virtual de HPC \u00e9 uma iniciativa da RNCA que fornece aos centros de compet\u00eancias acesso a recursos de HPC para formar os seus utilizadores, promovendo assim a computa\u00e7\u00e3o avan\u00e7ada. A UA \u00e9 um dos centros de compet\u00eancias parceiros desta iniciativa.<\/p>\n\n\n\n<div style=\"height:20px\" aria-hidden=\"true\" class=\"wp-block-spacer\"><\/div>\n\n\n\n<div class=\"wp-block-buttons is-content-justification-center is-layout-flex wp-container-core-buttons-is-layout-4 wp-block-buttons-is-layout-flex\">\n<div class=\"wp-block-button\"><a class=\"wp-block-button__link wp-element-button\" href=\"https:\/\/rnca.fccn.pt\/acesso\/laboratorios\/hpcvlab\/\">O HPCvLAB no site da RNCA<\/a><\/div>\n<\/div>\n<\/div>\n\n\n\n<div class=\"wp-block-column is-vertically-aligned-center is-layout-flow wp-block-column-is-layout-flow\" style=\"flex-basis:40%\">\n<figure class=\"wp-block-image size-full\"><img loading=\"lazy\" decoding=\"async\" width=\"1024\" height=\"284\" src=\"https:\/\/eurocc2.web.ua.pt\/wp-content\/uploads\/2024\/08\/HPCvLab-1024x284-1.png\" alt=\"\" class=\"wp-image-517\" srcset=\"https:\/\/eurocc2.web.ua.pt\/wp-content\/uploads\/2024\/08\/HPCvLab-1024x284-1.png 1024w, https:\/\/eurocc2.web.ua.pt\/wp-content\/uploads\/2024\/08\/HPCvLab-1024x284-1-300x83.png 300w, https:\/\/eurocc2.web.ua.pt\/wp-content\/uploads\/2024\/08\/HPCvLab-1024x284-1-768x213.png 768w\" sizes=\"(max-width: 1024px) 100vw, 1024px\" \/><\/figure>\n<\/div>\n<\/div>\n\n\n\n<div style=\"height:40px\" aria-hidden=\"true\" class=\"wp-block-spacer\"><\/div>\n\n\n\n<div class=\"wp-block-columns is-layout-flex wp-container-core-columns-is-layout-5 wp-block-columns-is-layout-flex\">\n<div class=\"wp-block-column is-layout-flow wp-block-column-is-layout-flow\" style=\"flex-basis:60%\">\n<h3 class=\"wp-block-heading\">DEUCALION<\/h3>\n\n\n\n<p>O DEUCALION \u00e9 o primeiro supercomputador petascale a ser instalado em Portugal. Financiado pela FCT e o projeto EuroHPC este oferece uma alta capacidade de processamento que \u00e9 disponibilizada atrav\u00e9s da RNCA para investigadores e empresas nacionais e atrav\u00e9s do EuroHPC para membros da uni\u00e3o europeia.<\/p>\n\n\n\n<div style=\"height:20px\" aria-hidden=\"true\" class=\"wp-block-spacer\"><\/div>\n\n\n\n<div class=\"wp-block-buttons is-content-justification-center is-layout-flex wp-container-core-buttons-is-layout-5 wp-block-buttons-is-layout-flex\">\n<div class=\"wp-block-button\"><a class=\"wp-block-button__link wp-element-button\" href=\"https:\/\/rnca.fccn.pt\/deucalion\/\">Descobre mais sobre o DEUCALION no site da RNCA<\/a><\/div>\n<\/div>\n<\/div>\n\n\n\n<div class=\"wp-block-column is-vertically-aligned-center is-layout-flow wp-block-column-is-layout-flow\" style=\"flex-basis:40%\">\n<figure class=\"wp-block-image size-full\"><img loading=\"lazy\" decoding=\"async\" width=\"1024\" height=\"714\" src=\"https:\/\/eurocc2.web.ua.pt\/wp-content\/uploads\/2024\/08\/Deucalion-16-1024x714-1.jpg\" alt=\"\" class=\"wp-image-520\" srcset=\"https:\/\/eurocc2.web.ua.pt\/wp-content\/uploads\/2024\/08\/Deucalion-16-1024x714-1.jpg 1024w, https:\/\/eurocc2.web.ua.pt\/wp-content\/uploads\/2024\/08\/Deucalion-16-1024x714-1-300x209.jpg 300w, https:\/\/eurocc2.web.ua.pt\/wp-content\/uploads\/2024\/08\/Deucalion-16-1024x714-1-768x536.jpg 768w\" sizes=\"(max-width: 1024px) 100vw, 1024px\" \/><\/figure>\n<\/div>\n<\/div>\n<\/div>\n\n\n\n<div class=\"wp-block-group alignfull has-base-color has-contrast-background-color has-text-color has-background has-link-color wp-elements-06dde0da96fef51d97a4b48b45557a12 has-global-padding is-layout-constrained wp-container-core-group-is-layout-3 wp-block-group-is-layout-constrained\" style=\"margin-top:0;margin-bottom:0;padding-top:var(--wp--preset--spacing--40);padding-bottom:var(--wp--preset--spacing--40)\">\n<h2 class=\"wp-block-heading\">O HPC na Europa<\/h2>\n\n\n\n<div class=\"wp-block-columns columns-reverse is-layout-flex wp-container-core-columns-is-layout-6 wp-block-columns-is-layout-flex\">\n<div class=\"wp-block-column is-layout-flow wp-block-column-is-layout-flow\" style=\"flex-basis:60%\">\n<h3 class=\"wp-block-heading\">EuroHPC Joint Undertaking<\/h3>\n\n\n\n<p>A EuroHPC Joint Undertaking (EuroHPC JU) \u00e9 uma entidade legal fundada pela Uni\u00e3o europeia para financiar projetos na \u00e1rea de HPC. Os estados participantes contribuem fundos e recursos que s\u00e3o depois concentrados em iniciativas de HPC. Portugal \u00e9 um dos estados-membros do EuroHPC JU.<\/p>\n\n\n\n<div style=\"height:20px\" aria-hidden=\"true\" class=\"wp-block-spacer\"><\/div>\n\n\n\n<div class=\"wp-block-buttons is-content-justification-center is-layout-flex wp-container-core-buttons-is-layout-6 wp-block-buttons-is-layout-flex\">\n<div class=\"wp-block-button\"><a class=\"wp-block-button__link wp-element-button\" href=\"https:\/\/eurohpc-ju.europa.eu\/\">Mais informa\u00e7\u00e3o no site oficial do EuroHPC JU<\/a><\/div>\n<\/div>\n<\/div>\n\n\n\n<div class=\"wp-block-column is-vertically-aligned-center is-layout-flow wp-block-column-is-layout-flow\" style=\"flex-basis:40%\">\n<figure class=\"wp-block-image size-large\"><img loading=\"lazy\" decoding=\"async\" width=\"1024\" height=\"445\" src=\"https:\/\/eurocc2.web.ua.pt\/wp-content\/uploads\/2024\/08\/EuroHPC-JU-logo-300dpi-PNG-1024x445.png\" alt=\"\" class=\"wp-image-523\" srcset=\"https:\/\/eurocc2.web.ua.pt\/wp-content\/uploads\/2024\/08\/EuroHPC-JU-logo-300dpi-PNG-1024x445.png 1024w, https:\/\/eurocc2.web.ua.pt\/wp-content\/uploads\/2024\/08\/EuroHPC-JU-logo-300dpi-PNG-300x131.png 300w, https:\/\/eurocc2.web.ua.pt\/wp-content\/uploads\/2024\/08\/EuroHPC-JU-logo-300dpi-PNG-768x334.png 768w, https:\/\/eurocc2.web.ua.pt\/wp-content\/uploads\/2024\/08\/EuroHPC-JU-logo-300dpi-PNG-1536x668.png 1536w, https:\/\/eurocc2.web.ua.pt\/wp-content\/uploads\/2024\/08\/EuroHPC-JU-logo-300dpi-PNG.png 1600w\" sizes=\"(max-width: 1024px) 100vw, 1024px\" \/><\/figure>\n<\/div>\n<\/div>\n\n\n\n<div style=\"height:40px\" aria-hidden=\"true\" class=\"wp-block-spacer\"><\/div>\n\n\n\n<div class=\"wp-block-columns is-layout-flex wp-container-core-columns-is-layout-7 wp-block-columns-is-layout-flex\">\n<div class=\"wp-block-column is-layout-flow wp-block-column-is-layout-flow\" style=\"flex-basis:60%\">\n<h3 class=\"wp-block-heading\">Supercomputadores Europeus<\/h3>\n\n\n\n<p>Atualmente o EuroHPC JU t\u00eam na sua posse acesso a 9 supercomputadores, entre eles o DEUCALION alojado em portugal. Estes apresentam capacidades que variam entre o petascale e o exascale em termos de processamento. O acesso a estes \u00e9 feito atrav\u00e9s de &#8220;Access Calls&#8221; que est\u00e3o dispon\u00edveis a investigadores e industria da uni\u00e3o europeia.<\/p>\n\n\n\n<div style=\"height:20px\" aria-hidden=\"true\" class=\"wp-block-spacer\"><\/div>\n\n\n\n<div class=\"wp-block-buttons is-content-justification-center is-layout-flex wp-container-core-buttons-is-layout-7 wp-block-buttons-is-layout-flex\">\n<div class=\"wp-block-button\"><a class=\"wp-block-button__link wp-element-button\" href=\"https:\/\/eurohpc-ju.europa.eu\/supercomputers\/our-supercomputers_en\">Os supercomputadores europeus<\/a><\/div>\n\n\n\n<div class=\"wp-block-button\"><a class=\"wp-block-button__link wp-element-button\" href=\"https:\/\/eurohpc-ju.europa.eu\/access-our-supercomputers_en\">Acesso aos supercomputadores<\/a><\/div>\n<\/div>\n<\/div>\n\n\n\n<div class=\"wp-block-column is-vertically-aligned-center is-layout-flow wp-block-column-is-layout-flow\" style=\"flex-basis:40%\">\n<figure class=\"wp-block-image size-large\"><img loading=\"lazy\" decoding=\"async\" width=\"1024\" height=\"1024\" src=\"https:\/\/eurocc2.web.ua.pt\/wp-content\/uploads\/2024\/08\/image-1024x1024.png\" alt=\"\" class=\"wp-image-526\" srcset=\"https:\/\/eurocc2.web.ua.pt\/wp-content\/uploads\/2024\/08\/image-1024x1024.png 1024w, https:\/\/eurocc2.web.ua.pt\/wp-content\/uploads\/2024\/08\/image-300x300.png 300w, https:\/\/eurocc2.web.ua.pt\/wp-content\/uploads\/2024\/08\/image-150x150.png 150w, https:\/\/eurocc2.web.ua.pt\/wp-content\/uploads\/2024\/08\/image-768x768.png 768w, https:\/\/eurocc2.web.ua.pt\/wp-content\/uploads\/2024\/08\/image-1536x1536.png 1536w, https:\/\/eurocc2.web.ua.pt\/wp-content\/uploads\/2024\/08\/image-2048x2048.png 2048w\" sizes=\"(max-width: 1024px) 100vw, 1024px\" \/><\/figure>\n<\/div>\n<\/div>\n<\/div>\n","protected":false},"excerpt":{"rendered":"<p>O HPC na Universidade de Aveiro Argus O Argus \u00e9 um cluster de computa\u00e7\u00e3o de alta performance criado em colabora\u00e7\u00e3o entre v\u00e1rios departamentos e unidades de investiga\u00e7\u00e3o. Este est\u00e1 alojado no datacenter dos servi\u00e7os de tecnologias de informa\u00e7\u00e3o e comunica\u00e7\u00e3o (STIC) e \u00e9 gerido por estes. Centro de Visualiza\u00e7\u00e3o Avan\u00e7ada O CVA-UA \u00e9 um centro [&hellip;]<\/p>\n","protected":false},"author":1,"featured_media":0,"parent":0,"menu_order":0,"comment_status":"closed","ping_status":"closed","template":"","meta":{"footnotes":""},"class_list":["post-94","page","type-page","status-publish","hentry"],"_links":{"self":[{"href":"https:\/\/eurocc2.web.ua.pt\/index.php\/wp-json\/wp\/v2\/pages\/94"}],"collection":[{"href":"https:\/\/eurocc2.web.ua.pt\/index.php\/wp-json\/wp\/v2\/pages"}],"about":[{"href":"https:\/\/eurocc2.web.ua.pt\/index.php\/wp-json\/wp\/v2\/types\/page"}],"author":[{"embeddable":true,"href":"https:\/\/eurocc2.web.ua.pt\/index.php\/wp-json\/wp\/v2\/users\/1"}],"replies":[{"embeddable":true,"href":"https:\/\/eurocc2.web.ua.pt\/index.php\/wp-json\/wp\/v2\/comments?post=94"}],"version-history":[{"count":13,"href":"https:\/\/eurocc2.web.ua.pt\/index.php\/wp-json\/wp\/v2\/pages\/94\/revisions"}],"predecessor-version":[{"id":607,"href":"https:\/\/eurocc2.web.ua.pt\/index.php\/wp-json\/wp\/v2\/pages\/94\/revisions\/607"}],"wp:attachment":[{"href":"https:\/\/eurocc2.web.ua.pt\/index.php\/wp-json\/wp\/v2\/media?parent=94"}],"curies":[{"name":"wp","href":"https:\/\/api.w.org\/{rel}","templated":true}]}}