{"id":85,"date":"2024-07-26T23:35:55","date_gmt":"2024-07-26T23:35:55","guid":{"rendered":"https:\/\/eurocc2.web.ua.pt\/?page_id=85"},"modified":"2025-07-26T12:33:45","modified_gmt":"2025-07-26T12:33:45","slug":"equipa","status":"publish","type":"page","link":"https:\/\/eurocc2.web.ua.pt\/index.php\/equipa\/","title":{"rendered":"Equipa"},"content":{"rendered":"\n<div class=\"wp-block-group alignfull has-global-padding is-layout-constrained wp-container-core-group-is-layout-1 wp-block-group-is-layout-constrained\" style=\"margin-top:0;margin-bottom:0;padding-top:var(--wp--preset--spacing--50);padding-right:var(--wp--preset--spacing--50);padding-bottom:var(--wp--preset--spacing--50);padding-left:var(--wp--preset--spacing--50)\">\n<div class=\"wp-block-columns alignwide are-vertically-aligned-center is-layout-flex wp-container-core-columns-is-layout-1 wp-block-columns-is-layout-flex\">\n<div class=\"wp-block-column is-vertically-aligned-center is-layout-flow wp-block-column-is-layout-flow\" style=\"flex-basis:50%\">\n<h2 class=\"wp-block-heading\">A equipa do EuroCC2 na Universidade de Aveiro<\/h2>\n<\/div>\n\n\n\n<div class=\"wp-block-column is-vertically-aligned-center is-layout-flow wp-block-column-is-layout-flow\" style=\"flex-basis:50%\">\n<figure class=\"wp-block-image size-full is-style-rounded is-style-rounded--85e5bfc2ccda14ba76f54462c00f2558\"><img decoding=\"async\" src=\"https:\/\/eurocc2.web.ua.pt\/wp-content\/themes\/twentytwentyfour\/assets\/images\/abstract-geometric-art.webp\" alt=\"Equipa do EuroCC2 na UA\" style=\"aspect-ratio:4\/3;object-fit:cover\"\/><\/figure>\n<\/div>\n<\/div>\n<\/div>\n\n\n\n<div class=\"wp-block-group alignfull has-base-2-background-color has-background has-global-padding is-layout-constrained wp-container-core-group-is-layout-3 wp-block-group-is-layout-constrained\" style=\"margin-top:0;margin-bottom:0;padding-top:var(--wp--preset--spacing--50);padding-right:var(--wp--preset--spacing--50);padding-bottom:var(--wp--preset--spacing--50);padding-left:var(--wp--preset--spacing--50)\">\n<div class=\"wp-block-group alignwide is-layout-flow wp-block-group-is-layout-flow\">\n<p class=\"has-text-align-center has-heading-font-family has-x-large-font-size\" style=\"font-style:normal;font-weight:400;line-height:1.2\">Somos uma equipa multidisciplinar distribu\u00edda por diversas atividades, reunindo v\u00e1rios membros da academia e com apoio de parceiros externos com o objetivo de impulsionar \u00e1s pr\u00e1ticas de HPC na UA e em Portugal.<\/p>\n<\/div>\n<\/div>\n\n\n\n<div class=\"wp-block-group alignfull has-global-padding is-layout-constrained wp-container-core-group-is-layout-18 wp-block-group-is-layout-constrained\" style=\"margin-top:0;margin-bottom:0;padding-top:var(--wp--preset--spacing--50);padding-right:var(--wp--preset--spacing--50);padding-bottom:var(--wp--preset--spacing--50);padding-left:var(--wp--preset--spacing--50)\">\n<div style=\"height:var(--wp--preset--spacing--30)\" aria-hidden=\"true\" class=\"wp-block-spacer\"><\/div>\n\n\n\n<div class=\"wp-block-group alignwide is-content-justification-center is-layout-flex wp-container-core-group-is-layout-17 wp-block-group-is-layout-flex\" style=\"padding-top:0;padding-right:var(--wp--preset--spacing--40);padding-bottom:0;padding-left:var(--wp--preset--spacing--40)\">\n<div class=\"wp-block-group has-global-padding is-layout-constrained wp-container-core-group-is-layout-4 wp-block-group-is-layout-constrained\">\n<figure class=\"wp-block-image size-full is-style-rounded is-style-rounded--c3d418009e5d3ae9f18c26913e7fbd67\"><img loading=\"lazy\" decoding=\"async\" width=\"437\" height=\"455\" src=\"https:\/\/eurocc2.web.ua.pt\/wp-content\/uploads\/2024\/08\/Antonio-Neves.jpg\" alt=\"\" class=\"wp-image-481\" style=\"aspect-ratio:1;object-fit:cover\" srcset=\"https:\/\/eurocc2.web.ua.pt\/wp-content\/uploads\/2024\/08\/Antonio-Neves.jpg 437w, https:\/\/eurocc2.web.ua.pt\/wp-content\/uploads\/2024\/08\/Antonio-Neves-288x300.jpg 288w\" sizes=\"(max-width: 437px) 100vw, 437px\" \/><\/figure>\n\n\n\n<p class=\"has-text-align-center has-small-font-size\"><strong><a href=\"https:\/\/www.ua.pt\/pt\/p\/16606785\" data-type=\"link\" data-id=\"https:\/\/www.ua.pt\/pt\/p\/16606785\">Ant\u00f3nio Neves<\/a><\/strong><\/p>\n<\/div>\n\n\n\n<div class=\"wp-block-group has-global-padding is-layout-constrained wp-container-core-group-is-layout-5 wp-block-group-is-layout-constrained\">\n<figure class=\"wp-block-image size-full is-resized is-style-rounded is-style-rounded--c333c60c5f3620a545bc6bc07499f4d9\"><img loading=\"lazy\" decoding=\"async\" width=\"200\" height=\"200\" src=\"https:\/\/eurocc2.web.ua.pt\/wp-content\/uploads\/2024\/09\/jose.jpg\" alt=\"\" class=\"wp-image-631\" style=\"object-fit:cover;width:224px;height:auto\" srcset=\"https:\/\/eurocc2.web.ua.pt\/wp-content\/uploads\/2024\/09\/jose.jpg 200w, https:\/\/eurocc2.web.ua.pt\/wp-content\/uploads\/2024\/09\/jose-150x150.jpg 150w\" sizes=\"(max-width: 200px) 100vw, 200px\" \/><\/figure>\n\n\n\n<p class=\"has-text-align-center has-small-font-size\"><strong><a href=\"https:\/\/www.ua.pt\/pt\/p\/10311461\">Jos\u00e9 Vieira<\/a><\/strong><\/p>\n<\/div>\n\n\n\n<div class=\"wp-block-group has-global-padding is-layout-constrained wp-container-core-group-is-layout-6 wp-block-group-is-layout-constrained\">\n<figure class=\"wp-block-image size-full is-style-rounded is-style-rounded--7e25cb38fa3c050c269bf60b3a612a45\"><img loading=\"lazy\" decoding=\"async\" width=\"1741\" height=\"2205\" src=\"https:\/\/eurocc2.web.ua.pt\/wp-content\/uploads\/2024\/08\/Daniel.png\" alt=\"\" class=\"wp-image-448\" style=\"aspect-ratio:1;object-fit:cover\" srcset=\"https:\/\/eurocc2.web.ua.pt\/wp-content\/uploads\/2024\/08\/Daniel.png 1741w, https:\/\/eurocc2.web.ua.pt\/wp-content\/uploads\/2024\/08\/Daniel-237x300.png 237w, https:\/\/eurocc2.web.ua.pt\/wp-content\/uploads\/2024\/08\/Daniel-809x1024.png 809w, https:\/\/eurocc2.web.ua.pt\/wp-content\/uploads\/2024\/08\/Daniel-768x973.png 768w, https:\/\/eurocc2.web.ua.pt\/wp-content\/uploads\/2024\/08\/Daniel-1213x1536.png 1213w, https:\/\/eurocc2.web.ua.pt\/wp-content\/uploads\/2024\/08\/Daniel-1617x2048.png 1617w\" sizes=\"(max-width: 1741px) 100vw, 1741px\" \/><\/figure>\n\n\n\n<p class=\"has-text-align-center has-small-font-size\"><strong>Daniel Canedo<\/strong><\/p>\n<\/div>\n\n\n\n<div class=\"wp-block-group has-global-padding is-layout-constrained wp-container-core-group-is-layout-7 wp-block-group-is-layout-constrained\">\n<figure class=\"wp-block-image size-full is-resized is-style-rounded is-style-rounded--2d6940d6f776d1e0b994729805f1bb58\"><img loading=\"lazy\" decoding=\"async\" width=\"470\" height=\"490\" src=\"https:\/\/eurocc2.web.ua.pt\/wp-content\/uploads\/2024\/09\/PauloDias.jpg\" alt=\"\" class=\"wp-image-619\" style=\"aspect-ratio:1;object-fit:cover;width:224px;height:auto\" srcset=\"https:\/\/eurocc2.web.ua.pt\/wp-content\/uploads\/2024\/09\/PauloDias.jpg 470w, https:\/\/eurocc2.web.ua.pt\/wp-content\/uploads\/2024\/09\/PauloDias-288x300.jpg 288w\" sizes=\"(max-width: 470px) 100vw, 470px\" \/><\/figure>\n\n\n\n<p class=\"has-text-align-center has-small-font-size\"><strong><a href=\"https:\/\/sweet.ua.pt\/paulo.dias\/\">Paulo Dias<\/a><\/strong><\/p>\n<\/div>\n\n\n\n<div class=\"wp-block-group has-global-padding is-layout-constrained wp-container-core-group-is-layout-8 wp-block-group-is-layout-constrained\">\n<figure class=\"wp-block-image size-full is-style-rounded is-style-rounded--811e90427cf2d598363d0cca0763fe99\"><img loading=\"lazy\" decoding=\"async\" width=\"1684\" height=\"1906\" src=\"https:\/\/eurocc2.web.ua.pt\/wp-content\/uploads\/2024\/09\/bernardo.jpg\" alt=\"\" class=\"wp-image-622\" style=\"aspect-ratio:1;object-fit:cover\" srcset=\"https:\/\/eurocc2.web.ua.pt\/wp-content\/uploads\/2024\/09\/bernardo.jpg 1684w, https:\/\/eurocc2.web.ua.pt\/wp-content\/uploads\/2024\/09\/bernardo-265x300.jpg 265w, https:\/\/eurocc2.web.ua.pt\/wp-content\/uploads\/2024\/09\/bernardo-905x1024.jpg 905w, https:\/\/eurocc2.web.ua.pt\/wp-content\/uploads\/2024\/09\/bernardo-768x869.jpg 768w, https:\/\/eurocc2.web.ua.pt\/wp-content\/uploads\/2024\/09\/bernardo-1357x1536.jpg 1357w\" sizes=\"(max-width: 1684px) 100vw, 1684px\" \/><\/figure>\n\n\n\n<p class=\"has-text-align-center has-small-font-size\"><strong><a href=\"https:\/\/www.ieeta.pt\/index.php\/people\/bernardo-marques\/\" data-type=\"link\" data-id=\"https:\/\/www.ieeta.pt\/index.php\/people\/bernardo-marques\/\">Bernardo Marques<\/a><\/strong><\/p>\n<\/div>\n\n\n\n<div class=\"wp-block-group has-global-padding is-layout-constrained wp-container-core-group-is-layout-9 wp-block-group-is-layout-constrained\">\n<figure class=\"wp-block-image size-full is-style-rounded is-style-rounded--b96a350a904466a0a68c5f009314d696\"><img loading=\"lazy\" decoding=\"async\" width=\"612\" height=\"612\" src=\"http:\/\/eurocc2.web.ua.pt\/wp-content\/uploads\/2024\/08\/istockphoto-1016744004-612x612-1.jpg\" alt=\"\" class=\"wp-image-550\" style=\"aspect-ratio:1;object-fit:cover\" srcset=\"https:\/\/eurocc2.web.ua.pt\/wp-content\/uploads\/2024\/08\/istockphoto-1016744004-612x612-1.jpg 612w, https:\/\/eurocc2.web.ua.pt\/wp-content\/uploads\/2024\/08\/istockphoto-1016744004-612x612-1-300x300.jpg 300w, https:\/\/eurocc2.web.ua.pt\/wp-content\/uploads\/2024\/08\/istockphoto-1016744004-612x612-1-150x150.jpg 150w\" sizes=\"(max-width: 612px) 100vw, 612px\" \/><\/figure>\n\n\n\n<p class=\"has-text-align-center has-small-font-size\"><strong>Tiago Ara\u00fajo<\/strong><\/p>\n<\/div>\n\n\n\n<div class=\"wp-block-group has-global-padding is-layout-constrained wp-container-core-group-is-layout-10 wp-block-group-is-layout-constrained\">\n<figure class=\"wp-block-image size-full is-resized is-style-rounded is-style-rounded--35c20290809dfe9fc27f7330b67ca26f\"><img loading=\"lazy\" decoding=\"async\" width=\"200\" height=\"200\" src=\"https:\/\/eurocc2.web.ua.pt\/wp-content\/uploads\/2024\/09\/manuel.jpg\" alt=\"\" class=\"wp-image-625\" style=\"object-fit:cover;width:224px;height:auto\" srcset=\"https:\/\/eurocc2.web.ua.pt\/wp-content\/uploads\/2024\/09\/manuel.jpg 200w, https:\/\/eurocc2.web.ua.pt\/wp-content\/uploads\/2024\/09\/manuel-150x150.jpg 150w\" sizes=\"(max-width: 200px) 100vw, 200px\" \/><\/figure>\n\n\n\n<p class=\"has-text-align-center has-small-font-size\"><strong><a href=\"https:\/\/www.ua.pt\/pt\/p\/10311062\">Manuel Barroso<\/a><\/strong><\/p>\n<\/div>\n\n\n\n<div class=\"wp-block-group has-global-padding is-layout-constrained wp-container-core-group-is-layout-11 wp-block-group-is-layout-constrained\">\n<figure class=\"wp-block-image size-full is-style-rounded is-style-rounded--d2d417bdf61db2e6b3382d7a77211db5\"><img loading=\"lazy\" decoding=\"async\" width=\"2560\" height=\"1433\" src=\"https:\/\/eurocc2.web.ua.pt\/wp-content\/uploads\/2024\/08\/DSC_0095-1-scaled.jpg\" alt=\"\" class=\"wp-image-544\" style=\"aspect-ratio:1;object-fit:cover\" srcset=\"https:\/\/eurocc2.web.ua.pt\/wp-content\/uploads\/2024\/08\/DSC_0095-1-scaled.jpg 2560w, https:\/\/eurocc2.web.ua.pt\/wp-content\/uploads\/2024\/08\/DSC_0095-1-300x168.jpg 300w, https:\/\/eurocc2.web.ua.pt\/wp-content\/uploads\/2024\/08\/DSC_0095-1-1024x573.jpg 1024w, https:\/\/eurocc2.web.ua.pt\/wp-content\/uploads\/2024\/08\/DSC_0095-1-768x430.jpg 768w, https:\/\/eurocc2.web.ua.pt\/wp-content\/uploads\/2024\/08\/DSC_0095-1-1536x860.jpg 1536w, https:\/\/eurocc2.web.ua.pt\/wp-content\/uploads\/2024\/08\/DSC_0095-1-2048x1146.jpg 2048w\" sizes=\"(max-width: 2560px) 100vw, 2560px\" \/><\/figure>\n\n\n\n<p class=\"has-text-align-center has-small-font-size\"><strong>Guilherme Rosa<\/strong><\/p>\n<\/div>\n\n\n\n<div class=\"wp-block-group has-global-padding is-layout-constrained wp-container-core-group-is-layout-12 wp-block-group-is-layout-constrained\">\n<figure class=\"wp-block-image size-full is-style-rounded is-style-rounded--b96a350a904466a0a68c5f009314d696\"><img loading=\"lazy\" decoding=\"async\" width=\"612\" height=\"612\" src=\"http:\/\/eurocc2.web.ua.pt\/wp-content\/uploads\/2024\/08\/istockphoto-1016744004-612x612-1.jpg\" alt=\"\" class=\"wp-image-550\" style=\"aspect-ratio:1;object-fit:cover\" srcset=\"https:\/\/eurocc2.web.ua.pt\/wp-content\/uploads\/2024\/08\/istockphoto-1016744004-612x612-1.jpg 612w, https:\/\/eurocc2.web.ua.pt\/wp-content\/uploads\/2024\/08\/istockphoto-1016744004-612x612-1-300x300.jpg 300w, https:\/\/eurocc2.web.ua.pt\/wp-content\/uploads\/2024\/08\/istockphoto-1016744004-612x612-1-150x150.jpg 150w\" sizes=\"(max-width: 612px) 100vw, 612px\" \/><\/figure>\n\n\n\n<p class=\"has-text-align-center has-small-font-size\"><strong>Igor Coelho<\/strong><\/p>\n<\/div>\n\n\n\n<div class=\"wp-block-group has-global-padding is-layout-constrained wp-container-core-group-is-layout-13 wp-block-group-is-layout-constrained\">\n<figure class=\"wp-block-image size-full is-style-rounded is-style-rounded--b96a350a904466a0a68c5f009314d696\"><img loading=\"lazy\" decoding=\"async\" width=\"612\" height=\"612\" src=\"http:\/\/eurocc2.web.ua.pt\/wp-content\/uploads\/2024\/08\/istockphoto-1016744004-612x612-1.jpg\" alt=\"\" class=\"wp-image-550\" style=\"aspect-ratio:1;object-fit:cover\" srcset=\"https:\/\/eurocc2.web.ua.pt\/wp-content\/uploads\/2024\/08\/istockphoto-1016744004-612x612-1.jpg 612w, https:\/\/eurocc2.web.ua.pt\/wp-content\/uploads\/2024\/08\/istockphoto-1016744004-612x612-1-300x300.jpg 300w, https:\/\/eurocc2.web.ua.pt\/wp-content\/uploads\/2024\/08\/istockphoto-1016744004-612x612-1-150x150.jpg 150w\" sizes=\"(max-width: 612px) 100vw, 612px\" \/><\/figure>\n\n\n\n<p class=\"has-text-align-center has-small-font-size\"><strong>Jo\u00e3o Capucho<\/strong><\/p>\n<\/div>\n\n\n\n<div class=\"wp-block-group has-global-padding is-layout-constrained wp-container-core-group-is-layout-14 wp-block-group-is-layout-constrained\">\n<figure class=\"wp-block-image size-full is-resized is-style-rounded is-style-rounded--54932afe39d625f17f9f96dbf246f51a\"><img loading=\"lazy\" decoding=\"async\" width=\"1713\" height=\"1713\" src=\"https:\/\/eurocc2.web.ua.pt\/wp-content\/uploads\/2025\/07\/profile_picture.jpg\" alt=\"\" class=\"wp-image-833\" style=\"object-fit:cover;width:224px;height:auto\" srcset=\"https:\/\/eurocc2.web.ua.pt\/wp-content\/uploads\/2025\/07\/profile_picture.jpg 1713w, https:\/\/eurocc2.web.ua.pt\/wp-content\/uploads\/2025\/07\/profile_picture-300x300.jpg 300w, https:\/\/eurocc2.web.ua.pt\/wp-content\/uploads\/2025\/07\/profile_picture-1024x1024.jpg 1024w, https:\/\/eurocc2.web.ua.pt\/wp-content\/uploads\/2025\/07\/profile_picture-150x150.jpg 150w, https:\/\/eurocc2.web.ua.pt\/wp-content\/uploads\/2025\/07\/profile_picture-768x768.jpg 768w, https:\/\/eurocc2.web.ua.pt\/wp-content\/uploads\/2025\/07\/profile_picture-1536x1536.jpg 1536w\" sizes=\"(max-width: 1713px) 100vw, 1713px\" \/><\/figure>\n\n\n\n<p class=\"has-text-align-center has-small-font-size\"><strong><a href=\"https:\/\/pt.linkedin.com\/in\/rgarrido03\/pt\">R\u00faben Garrido<\/a><\/strong><\/p>\n<\/div>\n\n\n\n<div class=\"wp-block-group has-global-padding is-layout-constrained wp-container-core-group-is-layout-15 wp-block-group-is-layout-constrained\">\n<figure class=\"wp-block-image size-full is-style-rounded is-style-rounded--a80466fa02b788e5ddfcd0e6b224822e\"><img loading=\"lazy\" decoding=\"async\" width=\"1920\" height=\"2560\" src=\"https:\/\/eurocc2.web.ua.pt\/wp-content\/uploads\/2024\/08\/IMG_20240601_182834-2-scaled.jpg\" alt=\"\" class=\"wp-image-583\" style=\"aspect-ratio:1;object-fit:cover\" srcset=\"https:\/\/eurocc2.web.ua.pt\/wp-content\/uploads\/2024\/08\/IMG_20240601_182834-2-scaled.jpg 1920w, https:\/\/eurocc2.web.ua.pt\/wp-content\/uploads\/2024\/08\/IMG_20240601_182834-2-225x300.jpg 225w, https:\/\/eurocc2.web.ua.pt\/wp-content\/uploads\/2024\/08\/IMG_20240601_182834-2-768x1024.jpg 768w, https:\/\/eurocc2.web.ua.pt\/wp-content\/uploads\/2024\/08\/IMG_20240601_182834-2-1152x1536.jpg 1152w, https:\/\/eurocc2.web.ua.pt\/wp-content\/uploads\/2024\/08\/IMG_20240601_182834-2-1536x2048.jpg 1536w\" sizes=\"(max-width: 1920px) 100vw, 1920px\" \/><\/figure>\n\n\n\n<p class=\"has-text-align-center has-small-font-size\"><strong>Tiago Lopes<\/strong><\/p>\n<\/div>\n\n\n\n<div class=\"wp-block-group has-global-padding is-layout-constrained wp-container-core-group-is-layout-16 wp-block-group-is-layout-constrained\">\n<figure class=\"wp-block-image size-full is-style-rounded is-style-rounded--c45963d7fd6792dc9c1b7b6f6998554e\"><img loading=\"lazy\" decoding=\"async\" width=\"677\" height=\"676\" src=\"https:\/\/eurocc2.web.ua.pt\/wp-content\/uploads\/2024\/08\/me.png\" alt=\"\" class=\"wp-image-478\" style=\"aspect-ratio:1;object-fit:cover\" srcset=\"https:\/\/eurocc2.web.ua.pt\/wp-content\/uploads\/2024\/08\/me.png 677w, https:\/\/eurocc2.web.ua.pt\/wp-content\/uploads\/2024\/08\/me-300x300.png 300w, https:\/\/eurocc2.web.ua.pt\/wp-content\/uploads\/2024\/08\/me-150x150.png 150w\" sizes=\"(max-width: 677px) 100vw, 677px\" \/><\/figure>\n\n\n\n<p class=\"has-text-align-center has-small-font-size\"><strong>Zakhar Kruptsala<\/strong><\/p>\n<\/div>\n<\/div>\n<\/div>\n\n\n\n<p><\/p>\n","protected":false},"excerpt":{"rendered":"<p>A equipa do EuroCC2 na Universidade de Aveiro Somos uma equipa multidisciplinar distribu\u00edda por diversas atividades, reunindo v\u00e1rios membros da academia e com apoio de parceiros externos com o objetivo de impulsionar \u00e1s pr\u00e1ticas de HPC na UA e em Portugal. Ant\u00f3nio Neves Jos\u00e9 Vieira Daniel Canedo Paulo Dias Bernardo Marques Tiago Ara\u00fajo Manuel Barroso [&hellip;]<\/p>\n","protected":false},"author":1,"featured_media":0,"parent":0,"menu_order":0,"comment_status":"closed","ping_status":"closed","template":"","meta":{"footnotes":""},"class_list":["post-85","page","type-page","status-publish","hentry"],"_links":{"self":[{"href":"https:\/\/eurocc2.web.ua.pt\/index.php\/wp-json\/wp\/v2\/pages\/85"}],"collection":[{"href":"https:\/\/eurocc2.web.ua.pt\/index.php\/wp-json\/wp\/v2\/pages"}],"about":[{"href":"https:\/\/eurocc2.web.ua.pt\/index.php\/wp-json\/wp\/v2\/types\/page"}],"author":[{"embeddable":true,"href":"https:\/\/eurocc2.web.ua.pt\/index.php\/wp-json\/wp\/v2\/users\/1"}],"replies":[{"embeddable":true,"href":"https:\/\/eurocc2.web.ua.pt\/index.php\/wp-json\/wp\/v2\/comments?post=85"}],"version-history":[{"count":20,"href":"https:\/\/eurocc2.web.ua.pt\/index.php\/wp-json\/wp\/v2\/pages\/85\/revisions"}],"predecessor-version":[{"id":839,"href":"https:\/\/eurocc2.web.ua.pt\/index.php\/wp-json\/wp\/v2\/pages\/85\/revisions\/839"}],"wp:attachment":[{"href":"https:\/\/eurocc2.web.ua.pt\/index.php\/wp-json\/wp\/v2\/media?parent=85"}],"curies":[{"name":"wp","href":"https:\/\/api.w.org\/{rel}","templated":true}]}}