{"id":700,"date":"2024-11-25T21:41:39","date_gmt":"2024-11-25T21:41:39","guid":{"rendered":"https:\/\/eurocc2.web.ua.pt\/?page_id=700"},"modified":"2025-07-26T12:28:15","modified_gmt":"2025-07-26T12:28:15","slug":"formacoes","status":"publish","type":"page","link":"https:\/\/eurocc2.web.ua.pt\/index.php\/formacoes\/","title":{"rendered":"Forma\u00e7\u00f5es"},"content":{"rendered":"\n<div class=\"wp-block-group alignfull has-global-padding is-layout-constrained wp-container-core-group-is-layout-2 wp-block-group-is-layout-constrained\" style=\"padding-top:var(--wp--preset--spacing--50);padding-right:var(--wp--preset--spacing--50);padding-bottom:var(--wp--preset--spacing--50);padding-left:var(--wp--preset--spacing--50)\">\n<div class=\"wp-block-group has-global-padding is-layout-constrained wp-container-core-group-is-layout-1 wp-block-group-is-layout-constrained\">\n<h1 class=\"wp-block-heading has-text-align-center has-xx-large-font-size\">Forma\u00e7\u00f5es<\/h1>\n\n\n\n<div style=\"height:1.25rem\" aria-hidden=\"true\" class=\"wp-block-spacer\"><\/div>\n\n\n\n<p class=\"has-text-align-center\">No \u00e2mbito deste projeto ser\u00e3o realizadas v\u00e1rias forma\u00e7\u00f5es e workshops. Nesta sec\u00e7\u00e3o encontram-se arquivados todos os documentos e materiais utilizados durante essas forma\u00e7\u00f5es e workshops.<\/p>\n<\/div>\n<\/div>\n\n\n\n<div class=\"wp-block-group alignfull has-base-2-background-color has-background has-global-padding is-layout-constrained wp-container-core-group-is-layout-6 wp-block-group-is-layout-constrained\" style=\"padding-top:var(--wp--preset--spacing--40);padding-right:var(--wp--preset--spacing--40);padding-bottom:var(--wp--preset--spacing--40);padding-left:var(--wp--preset--spacing--40)\">\n<h2 class=\"wp-block-heading\">Arquivo<\/h2>\n\n\n\n<div class=\"wp-block-group is-vertical is-content-justification-left is-layout-flex wp-container-core-group-is-layout-3 wp-block-group-is-layout-flex\" style=\"padding-bottom:var(--wp--preset--spacing--20)\">\n<h2 class=\"wp-block-heading has-large-font-size\">Introdu\u00e7\u00e3o a HPC<\/h2>\n\n\n\n<p>02\/10\/2024<br>R\u00faben Garrido<\/p>\n\n\n\n<div class=\"wp-block-buttons is-horizontal is-content-justification-left is-layout-flex wp-container-core-buttons-is-layout-1 wp-block-buttons-is-layout-flex\">\n<div class=\"wp-block-button icon-link-button\"><a class=\"wp-block-button__link has-text-align-left wp-element-button\" href=\"http:\/\/eurocc2.web.ua.pt\/wp-content\/uploads\/2024\/11\/slides_full.pdf\" target=\"_blank\" rel=\"noreferrer noopener\"><img loading=\"lazy\" decoding=\"async\" width=\"20\" height=\"20\" class=\"wp-image-783\" style=\"width: 20px;\" src=\"http:\/\/eurocc2.web.ua.pt\/wp-content\/uploads\/2024\/12\/pdf.png\" alt=\"\"> Slides<\/a><\/div>\n\n\n\n<div class=\"wp-block-button icon-link-button\"><a class=\"wp-block-button__link wp-element-button\" href=\"https:\/\/github.com\/RGarrido03\/HPC-Workshop\" target=\"_blank\" rel=\"noreferrer noopener\"><img loading=\"lazy\" decoding=\"async\" width=\"20\" height=\"20\" class=\"wp-image-780\" style=\"width: 20px;\" src=\"http:\/\/eurocc2.web.ua.pt\/wp-content\/uploads\/2024\/12\/github.png\" alt=\"\"> Material<\/a><\/div>\n<\/div>\n<\/div>\n\n\n\n<div class=\"wp-block-group is-vertical is-content-justification-left is-layout-flex wp-container-core-group-is-layout-4 wp-block-group-is-layout-flex\" style=\"padding-bottom:var(--wp--preset--spacing--20)\">\n<h2 class=\"wp-block-heading has-large-font-size\">Paraleliza\u00e7\u00e3o em HPC<\/h2>\n\n\n\n<p>26\/02\/2025<br>R\u00faben Garrido<\/p>\n\n\n\n<div class=\"wp-block-buttons is-horizontal is-content-justification-left is-layout-flex wp-container-core-buttons-is-layout-2 wp-block-buttons-is-layout-flex\">\n<div class=\"wp-block-button icon-link-button\"><a class=\"wp-block-button__link has-text-align-left wp-element-button\" href=\"http:\/\/eurocc2.web.ua.pt\/wp-content\/uploads\/2024\/11\/slides_full.pdf\" target=\"_blank\" rel=\"noreferrer noopener\"><img loading=\"lazy\" decoding=\"async\" width=\"20\" height=\"20\" class=\"wp-image-783\" style=\"width: 20px;\" src=\"http:\/\/eurocc2.web.ua.pt\/wp-content\/uploads\/2024\/12\/pdf.png\" alt=\"\"> Slides<\/a><\/div>\n\n\n\n<div class=\"wp-block-button icon-link-button\"><a class=\"wp-block-button__link wp-element-button\" href=\"https:\/\/github.com\/RGarrido03\/MPI-Workshop\" target=\"_blank\" rel=\"noreferrer noopener\"><img loading=\"lazy\" decoding=\"async\" width=\"20\" height=\"20\" class=\"wp-image-780\" style=\"width: 20px;\" src=\"http:\/\/eurocc2.web.ua.pt\/wp-content\/uploads\/2024\/12\/github.png\" alt=\"\"> Material<\/a><\/div>\n<\/div>\n<\/div>\n\n\n\n<div class=\"wp-block-group is-vertical is-content-justification-left is-layout-flex wp-container-core-group-is-layout-5 wp-block-group-is-layout-flex\" style=\"padding-bottom:var(--wp--preset--spacing--20)\">\n<h2 class=\"wp-block-heading has-large-font-size\">Docker e seu uso em HPC<\/h2>\n\n\n\n<p>07\/07\/2025<br>R\u00faben Garrido<\/p>\n\n\n\n<div class=\"wp-block-buttons is-horizontal is-content-justification-left is-layout-flex wp-container-core-buttons-is-layout-3 wp-block-buttons-is-layout-flex\">\n<div class=\"wp-block-button icon-link-button\"><a class=\"wp-block-button__link has-text-align-left wp-element-button\" href=\"http:\/\/eurocc2.web.ua.pt\/wp-content\/uploads\/2024\/11\/slides_full.pdf\" target=\"_blank\" rel=\"noreferrer noopener\"><img loading=\"lazy\" decoding=\"async\" width=\"20\" height=\"20\" class=\"wp-image-783\" style=\"width: 20px;\" src=\"http:\/\/eurocc2.web.ua.pt\/wp-content\/uploads\/2024\/12\/pdf.png\" alt=\"\"> Slides<\/a><\/div>\n\n\n\n<div class=\"wp-block-button icon-link-button\"><a class=\"wp-block-button__link wp-element-button\" href=\"https:\/\/github.com\/RGarrido03\/Docker-Workshop\" target=\"_blank\" rel=\"noreferrer noopener\"><img loading=\"lazy\" decoding=\"async\" width=\"20\" height=\"20\" class=\"wp-image-780\" style=\"width: 20px;\" src=\"http:\/\/eurocc2.web.ua.pt\/wp-content\/uploads\/2024\/12\/github.png\" alt=\"\"> Material<\/a><\/div>\n<\/div>\n<\/div>\n<\/div>\n\n\n\n<p><\/p>\n","protected":false},"excerpt":{"rendered":"<p>Forma\u00e7\u00f5es No \u00e2mbito deste projeto ser\u00e3o realizadas v\u00e1rias forma\u00e7\u00f5es e workshops. Nesta sec\u00e7\u00e3o encontram-se arquivados todos os documentos e materiais utilizados durante essas forma\u00e7\u00f5es e workshops. Arquivo Introdu\u00e7\u00e3o a HPC 02\/10\/2024R\u00faben Garrido Paraleliza\u00e7\u00e3o em HPC 26\/02\/2025R\u00faben Garrido Docker e seu uso em HPC 07\/07\/2025R\u00faben Garrido<\/p>\n","protected":false},"author":1,"featured_media":0,"parent":0,"menu_order":0,"comment_status":"closed","ping_status":"closed","template":"","meta":{"footnotes":""},"class_list":["post-700","page","type-page","status-publish","hentry"],"_links":{"self":[{"href":"https:\/\/eurocc2.web.ua.pt\/index.php\/wp-json\/wp\/v2\/pages\/700"}],"collection":[{"href":"https:\/\/eurocc2.web.ua.pt\/index.php\/wp-json\/wp\/v2\/pages"}],"about":[{"href":"https:\/\/eurocc2.web.ua.pt\/index.php\/wp-json\/wp\/v2\/types\/page"}],"author":[{"embeddable":true,"href":"https:\/\/eurocc2.web.ua.pt\/index.php\/wp-json\/wp\/v2\/users\/1"}],"replies":[{"embeddable":true,"href":"https:\/\/eurocc2.web.ua.pt\/index.php\/wp-json\/wp\/v2\/comments?post=700"}],"version-history":[{"count":19,"href":"https:\/\/eurocc2.web.ua.pt\/index.php\/wp-json\/wp\/v2\/pages\/700\/revisions"}],"predecessor-version":[{"id":830,"href":"https:\/\/eurocc2.web.ua.pt\/index.php\/wp-json\/wp\/v2\/pages\/700\/revisions\/830"}],"wp:attachment":[{"href":"https:\/\/eurocc2.web.ua.pt\/index.php\/wp-json\/wp\/v2\/media?parent=700"}],"curies":[{"name":"wp","href":"https:\/\/api.w.org\/{rel}","templated":true}]}}