{"id":52,"date":"2024-07-26T23:10:28","date_gmt":"2024-07-26T23:10:28","guid":{"rendered":"https:\/\/eurocc2.web.ua.pt\/?page_id=52"},"modified":"2024-09-06T11:15:15","modified_gmt":"2024-09-06T11:15:15","slug":"sobre","status":"publish","type":"page","link":"https:\/\/eurocc2.web.ua.pt\/index.php\/sobre\/","title":{"rendered":"Sobre"},"content":{"rendered":"\n<div class=\"wp-block-group alignwide is-layout-flow wp-block-group-is-layout-flow\">\n<h2 class=\"wp-block-heading\">O que \u00e9 o EuroCC2?<\/h2>\n\n\n\n<p>O EuroCC2 \u00e9 um projeto da uni\u00e3o europeia com o objetivo de aumentar o conhecimento na \u00e1rea de computa\u00e7\u00e3o avan\u00e7ada e de alta performance nos estados-membros atrav\u00e9s do estabelecimento de centros de compet\u00eancia nacionais (NCC) garantindo n\u00e3o s\u00f3 o acesso aos recursos de HPC mas tamb\u00e9m ao conhecimento nesta \u00e1rea.<\/p>\n\n\n\n<div class=\"wp-block-buttons is-content-justification-center is-layout-flex wp-container-core-buttons-is-layout-1 wp-block-buttons-is-layout-flex\">\n<div class=\"wp-block-button\"><a class=\"wp-block-button__link wp-element-button\" href=\"https:\/\/eurocc.fccn.pt\/\">EuroCC2 em Portugal<\/a><\/div>\n\n\n\n<div class=\"wp-block-button\"><a class=\"wp-block-button__link wp-element-button\" href=\"https:\/\/www.eurocc-access.eu\/about-us\/the-projects\/\">EuroCC2 na Europa<\/a><\/div>\n<\/div>\n<\/div>\n\n\n\n<div class=\"wp-block-group has-global-padding is-layout-constrained wp-block-group-is-layout-constrained\">\n<h4 class=\"wp-block-heading\">Com o apoio de:<\/h4>\n\n\n\n<div class=\"wp-block-columns is-layout-flex wp-container-core-columns-is-layout-1 wp-block-columns-is-layout-flex\">\n<div class=\"wp-block-column is-vertically-aligned-center is-layout-flow wp-block-column-is-layout-flow\">\n<figure class=\"wp-block-image aligncenter size-large\"><img loading=\"lazy\" decoding=\"async\" width=\"1024\" height=\"445\" src=\"https:\/\/eurocc2.web.ua.pt\/wp-content\/uploads\/2024\/08\/EuroHPC-JU-final-logo-MONOCHROME-300dpi-PNG-1024x445.png\" alt=\"\" class=\"wp-image-466\" srcset=\"https:\/\/eurocc2.web.ua.pt\/wp-content\/uploads\/2024\/08\/EuroHPC-JU-final-logo-MONOCHROME-300dpi-PNG-1024x445.png 1024w, https:\/\/eurocc2.web.ua.pt\/wp-content\/uploads\/2024\/08\/EuroHPC-JU-final-logo-MONOCHROME-300dpi-PNG-300x131.png 300w, https:\/\/eurocc2.web.ua.pt\/wp-content\/uploads\/2024\/08\/EuroHPC-JU-final-logo-MONOCHROME-300dpi-PNG-768x334.png 768w, https:\/\/eurocc2.web.ua.pt\/wp-content\/uploads\/2024\/08\/EuroHPC-JU-final-logo-MONOCHROME-300dpi-PNG-1536x668.png 1536w, https:\/\/eurocc2.web.ua.pt\/wp-content\/uploads\/2024\/08\/EuroHPC-JU-final-logo-MONOCHROME-300dpi-PNG.png 1600w\" sizes=\"(max-width: 1024px) 100vw, 1024px\" \/><\/figure>\n<\/div>\n\n\n\n<div class=\"wp-block-column is-vertically-aligned-center is-layout-flow wp-block-column-is-layout-flow\">\n<figure class=\"wp-block-image aligncenter size-large\"><img loading=\"lazy\" decoding=\"async\" width=\"1024\" height=\"576\" src=\"https:\/\/eurocc2.web.ua.pt\/wp-content\/uploads\/2024\/08\/2022_FCT_Logo_A_horizontal_preto-1024x576.png\" alt=\"\" class=\"wp-image-469\" srcset=\"https:\/\/eurocc2.web.ua.pt\/wp-content\/uploads\/2024\/08\/2022_FCT_Logo_A_horizontal_preto-1024x576.png 1024w, https:\/\/eurocc2.web.ua.pt\/wp-content\/uploads\/2024\/08\/2022_FCT_Logo_A_horizontal_preto-300x169.png 300w, https:\/\/eurocc2.web.ua.pt\/wp-content\/uploads\/2024\/08\/2022_FCT_Logo_A_horizontal_preto-768x432.png 768w, https:\/\/eurocc2.web.ua.pt\/wp-content\/uploads\/2024\/08\/2022_FCT_Logo_A_horizontal_preto-1536x864.png 1536w, https:\/\/eurocc2.web.ua.pt\/wp-content\/uploads\/2024\/08\/2022_FCT_Logo_A_horizontal_preto-2048x1152.png 2048w\" sizes=\"(max-width: 1024px) 100vw, 1024px\" \/><\/figure>\n<\/div>\n<\/div>\n<\/div>\n\n\n\n<div class=\"wp-block-group alignfull has-base-2-background-color has-background has-global-padding is-layout-constrained wp-container-core-group-is-layout-3 wp-block-group-is-layout-constrained\" style=\"margin-top:var(--wp--preset--spacing--40);margin-bottom:var(--wp--preset--spacing--40);padding-top:var(--wp--preset--spacing--40);padding-right:var(--wp--preset--spacing--50);padding-bottom:var(--wp--preset--spacing--40);padding-left:var(--wp--preset--spacing--50)\">\n<h2 class=\"wp-block-heading\">O que \u00e9 HPC?<\/h2>\n\n\n\n<p>Computa\u00e7\u00e3o de Alta Performance ou HPC consiste na agrega\u00e7\u00e3o de recursos de computa\u00e7\u00e3o disponibilizando capacidades de processamento muito superiores a de um computador normal, permitindo resolver problemas que normalmente seriam demasiados complexos.<\/p>\n\n\n\n<div style=\"height:20px\" aria-hidden=\"true\" class=\"wp-block-spacer\"><\/div>\n\n\n\n<h2 class=\"wp-block-heading\">Quais s\u00e3o os problemas que HPC resolve?<\/h2>\n\n\n\n<p>O HPC \u00e9 utilizado muitas vezes para realizar simula\u00e7\u00f5es complexas como o movimento de astros ao longo de milh\u00f5es de anos, a meteorologia terrestre com enorme precis\u00e3o sobre longos per\u00edodos de tempo e at\u00e9 o c\u00e9rebro humano.<br>Estas simula\u00e7\u00f5es permitem aos investigadores avan\u00e7ar os seus estudos que de outra maneira seriam imposs\u00edveis ou verificar novas descobertas a uma fra\u00e7\u00e3o do custo antes de serem prototipadas fisicamente.<\/p>\n\n\n\n<div style=\"height:20px\" aria-hidden=\"true\" class=\"wp-block-spacer\"><\/div>\n\n\n\n<div class=\"wp-block-buttons is-content-justification-center is-layout-flex wp-container-core-buttons-is-layout-2 wp-block-buttons-is-layout-flex\">\n<div class=\"wp-block-button\"><a class=\"wp-block-button__link wp-element-button\">Descobre mais sobre HPC e os seus usos no site da FCCN<\/a><\/div>\n<\/div>\n<\/div>\n\n\n\n<div class=\"wp-block-group alignwide is-layout-flow wp-block-group-is-layout-flow\">\n<h2 class=\"wp-block-heading\">Qual o papel da UA neste projeto?<\/h2>\n\n\n\n<p>A UA como centro de compet\u00eancia nacional da RNCA tem o objetivo de auxiliar os seus investigadores, parceiros industriais e centros de investiga\u00e7\u00e3o a aceder e utilizar estes recursos, independentemente do n\u00edvel de experi\u00eancia que tenham com este tipo de equipamentos, para avan\u00e7arem os seus projetos e estudos.<\/p>\n\n\n\n<div class=\"wp-block-buttons is-content-justification-center is-layout-flex wp-container-core-buttons-is-layout-3 wp-block-buttons-is-layout-flex\">\n<div class=\"wp-block-button\"><a class=\"wp-block-button__link wp-element-button\" href=\"https:\/\/eurocc2.web.ua.pt\/index.php\/hpcua\/\">Explora o estado do HPC na UA<\/a><\/div>\n\n\n\n<div class=\"wp-block-button\"><a class=\"wp-block-button__link wp-element-button\" href=\"https:\/\/eurocc2.web.ua.pt\/index.php\/servicos\/\">Explora os servi\u00e7os que temos dispon\u00edveis<\/a><\/div>\n<\/div>\n<\/div>\n","protected":false},"excerpt":{"rendered":"<p>O que \u00e9 o EuroCC2? O EuroCC2 \u00e9 um projeto da uni\u00e3o europeia com o objetivo de aumentar o conhecimento na \u00e1rea de computa\u00e7\u00e3o avan\u00e7ada e de alta performance nos estados-membros atrav\u00e9s do estabelecimento de centros de compet\u00eancia nacionais (NCC) garantindo n\u00e3o s\u00f3 o acesso aos recursos de HPC mas tamb\u00e9m ao conhecimento nesta \u00e1rea. [&hellip;]<\/p>\n","protected":false},"author":1,"featured_media":0,"parent":0,"menu_order":0,"comment_status":"closed","ping_status":"closed","template":"","meta":{"footnotes":""},"class_list":["post-52","page","type-page","status-publish","hentry"],"_links":{"self":[{"href":"https:\/\/eurocc2.web.ua.pt\/index.php\/wp-json\/wp\/v2\/pages\/52"}],"collection":[{"href":"https:\/\/eurocc2.web.ua.pt\/index.php\/wp-json\/wp\/v2\/pages"}],"about":[{"href":"https:\/\/eurocc2.web.ua.pt\/index.php\/wp-json\/wp\/v2\/types\/page"}],"author":[{"embeddable":true,"href":"https:\/\/eurocc2.web.ua.pt\/index.php\/wp-json\/wp\/v2\/users\/1"}],"replies":[{"embeddable":true,"href":"https:\/\/eurocc2.web.ua.pt\/index.php\/wp-json\/wp\/v2\/comments?post=52"}],"version-history":[{"count":15,"href":"https:\/\/eurocc2.web.ua.pt\/index.php\/wp-json\/wp\/v2\/pages\/52\/revisions"}],"predecessor-version":[{"id":601,"href":"https:\/\/eurocc2.web.ua.pt\/index.php\/wp-json\/wp\/v2\/pages\/52\/revisions\/601"}],"wp:attachment":[{"href":"https:\/\/eurocc2.web.ua.pt\/index.php\/wp-json\/wp\/v2\/media?parent=52"}],"curies":[{"name":"wp","href":"https:\/\/api.w.org\/{rel}","templated":true}]}}