{"id":103,"date":"2024-07-26T23:37:58","date_gmt":"2024-07-26T23:37:58","guid":{"rendered":"https:\/\/eurocc2.web.ua.pt\/?page_id=103"},"modified":"2024-11-16T16:33:25","modified_gmt":"2024-11-16T16:33:25","slug":"servicos","status":"publish","type":"page","link":"https:\/\/eurocc2.web.ua.pt\/index.php\/servicos\/","title":{"rendered":"Servi\u00e7os"},"content":{"rendered":"\n<div style=\"height:25px\" aria-hidden=\"true\" class=\"wp-block-spacer\"><\/div>\n\n\n\n<div class=\"wp-block-group is-vertical is-content-justification-left is-layout-flex wp-container-core-group-is-layout-2 wp-block-group-is-layout-flex\">\n<h2 class=\"wp-block-heading\">Argus<\/h2>\n\n\n\n<p>Localizado no datacenter dos STIC, o cluster de computa\u00e7\u00e3o ARGUS constitui uma poderosa ferramenta para quem pretende realizar an\u00e1lise de dados em grande escala, simula\u00e7\u00f5es complexas ou processamento de informa\u00e7\u00e3o em tempo real.<\/p>\n\n\n\n<p>Este encontra-se a cargo dos STIC e o acesso \u00e9 mediado pelos mesmos.<\/p>\n\n\n\n<div class=\"wp-block-group is-nowrap is-layout-flex wp-container-core-group-is-layout-1 wp-block-group-is-layout-flex\">\n<div class=\"wp-block-buttons is-layout-flex wp-block-buttons-is-layout-flex\">\n<div class=\"wp-block-button\"><a class=\"wp-block-button__link wp-element-button\" href=\"https:\/\/www.ua.pt\/pt\/stic\/computacao#anchor.ARGUS\">Saber Mais<\/a><\/div>\n\n\n\n<div class=\"wp-block-button\"><a class=\"wp-block-button__link wp-element-button\" href=\"http:\/\/eurocc2.web.ua.pt\/wp-content\/uploads\/2024\/11\/Argus_Support-1.pdf\">Documenta\u00e7\u00e3o de Suporte<\/a><\/div>\n<\/div>\n<\/div>\n<\/div>\n\n\n\n<div style=\"height:20px\" aria-hidden=\"true\" class=\"wp-block-spacer\"><\/div>\n\n\n\n<h2 class=\"wp-block-heading\">Centro de Visualiza\u00e7\u00e3o Avan\u00e7ada<\/h2>\n\n\n\n<p>O <a href=\"http:\/\/cva.ua\/\">CVA.UA<\/a>, integrante da Rede Nacional de Computa\u00e7\u00e3o Avan\u00e7ada, tem \u00e0 sua disposi\u00e7\u00e3o ferramentas como um videowall, que permite a visualiza\u00e7\u00e3o em ecr\u00e3s de grande tamanho e resolu\u00e7\u00e3o, e equipamento de realidade virtual e aumentada.<\/p>\n\n\n\n<p>A utiliza\u00e7\u00e3o deste espa\u00e7o assim como os seus servi\u00e7os est\u00e1 dispon\u00edvel mediante marca\u00e7\u00e3o.<\/p>\n\n\n\n<div class=\"wp-block-buttons is-layout-flex wp-block-buttons-is-layout-flex\">\n<div class=\"wp-block-button\"><a class=\"wp-block-button__link wp-element-button\" href=\"http:\/\/videowall.web.ua.pt\/index.html\">Saber Mais<\/a><\/div>\n<\/div>\n\n\n\n<div style=\"height:20px\" aria-hidden=\"true\" class=\"wp-block-spacer\"><\/div>\n\n\n\n<div class=\"wp-block-group alignfull has-global-padding is-layout-constrained wp-container-core-group-is-layout-5 wp-block-group-is-layout-constrained\" style=\"margin-top:0;margin-bottom:0;padding-top:var(--wp--preset--spacing--10);padding-right:var(--wp--preset--spacing--50);padding-bottom:var(--wp--preset--spacing--10);padding-left:var(--wp--preset--spacing--50)\">\n<div class=\"wp-block-group alignwide has-global-padding is-layout-constrained wp-container-core-group-is-layout-4 wp-block-group-is-layout-constrained\">\n<div class=\"wp-block-group is-vertical is-content-justification-center is-layout-flex wp-container-core-group-is-layout-3 wp-block-group-is-layout-flex\">\n<h2 class=\"wp-block-heading has-text-align-center is-style-default\">HPCvLAB<\/h2>\n\n\n\n<p class=\"has-text-align-center\">O Laborat\u00f3rio virtual de HPC (High Performance Computing), enquadrado na Rede Nacional de Computa\u00e7\u00e3o Avan\u00e7ada (RNCA) visa proporcionar recursos computacionais avan\u00e7ados para apoiar a comunidade acad\u00e9mica e industrial na execu\u00e7\u00e3o de tarefas de computa\u00e7\u00e3o intensiva, promovendo a colabora\u00e7\u00e3o, forma\u00e7\u00e3o e utiliza\u00e7\u00e3o eficiente de recursos de HPC.<\/p>\n<\/div>\n\n\n\n<div style=\"height:20px\" aria-hidden=\"true\" class=\"wp-block-spacer\"><\/div>\n\n\n\n<div style=\"height:50px\" aria-hidden=\"true\" class=\"wp-block-spacer\"><\/div>\n\n\n\n<div class=\"wp-block-columns alignwide are-vertically-aligned-top is-layout-flex wp-container-core-columns-is-layout-1 wp-block-columns-is-layout-flex\" style=\"padding-right:var(--wp--preset--spacing--20);padding-left:var(--wp--preset--spacing--20)\">\n<div class=\"wp-block-column is-vertically-aligned-top is-layout-flow wp-block-column-is-layout-flow\" style=\"flex-basis:33%\">\n<h3 class=\"wp-block-heading is-style-default\">Como se Candidatar<\/h3>\n\n\n\n<p><\/p>\n\n\n\n<div class=\"wp-block-buttons is-layout-flex wp-block-buttons-is-layout-flex\">\n<div class=\"wp-block-button\"><a class=\"wp-block-button__link wp-element-button\" href=\"https:\/\/forms.ua.pt\/index.php?r=survey\/index&amp;sid=967615&amp;lang=pt\">Inscrever<\/a><\/div>\n<\/div>\n<\/div>\n\n\n\n<div class=\"wp-block-column is-vertically-aligned-top is-layout-flow wp-block-column-is-layout-flow\" style=\"flex-basis:33%\">\n<h3 class=\"wp-block-heading is-style-default\">Como Utilizar os Recursos<\/h3>\n\n\n\n<p><\/p>\n\n\n\n<div class=\"wp-block-buttons is-layout-flex wp-block-buttons-is-layout-flex\">\n<div class=\"wp-block-button\"><a class=\"wp-block-button__link wp-element-button\" href=\"https:\/\/forms.ua.pt\/index.php?r=survey\/index&amp;sid=125388&amp;lang=pt\">Forma\u00e7\u00e3o<\/a><\/div>\n<\/div>\n<\/div>\n\n\n\n<div class=\"wp-block-column is-vertically-aligned-top is-layout-flow wp-block-column-is-layout-flow\" style=\"flex-basis:33%\">\n<h3 class=\"wp-block-heading is-style-default\">Documenta\u00e7\u00e3o de suporte<\/h3>\n\n\n\n<p><\/p>\n\n\n\n<div class=\"wp-block-buttons is-layout-flex wp-block-buttons-is-layout-flex\">\n<div class=\"wp-block-button\"><a class=\"wp-block-button__link wp-element-button\" href=\"http:\/\/eurocc2.web.ua.pt\/wp-content\/uploads\/2024\/10\/HPC_Support.pdf\">Download do Gui\u00e3o<\/a><\/div>\n<\/div>\n<\/div>\n<\/div>\n<\/div>\n<\/div>\n","protected":false},"excerpt":{"rendered":"<p>Argus Localizado no datacenter dos STIC, o cluster de computa\u00e7\u00e3o ARGUS constitui uma poderosa ferramenta para quem pretende realizar an\u00e1lise de dados em grande escala, simula\u00e7\u00f5es complexas ou processamento de informa\u00e7\u00e3o em tempo real. Este encontra-se a cargo dos STIC e o acesso \u00e9 mediado pelos mesmos. Centro de Visualiza\u00e7\u00e3o Avan\u00e7ada O CVA.UA, integrante da [&hellip;]<\/p>\n","protected":false},"author":1,"featured_media":0,"parent":0,"menu_order":0,"comment_status":"closed","ping_status":"closed","template":"","meta":{"footnotes":""},"class_list":["post-103","page","type-page","status-publish","hentry"],"_links":{"self":[{"href":"https:\/\/eurocc2.web.ua.pt\/index.php\/wp-json\/wp\/v2\/pages\/103"}],"collection":[{"href":"https:\/\/eurocc2.web.ua.pt\/index.php\/wp-json\/wp\/v2\/pages"}],"about":[{"href":"https:\/\/eurocc2.web.ua.pt\/index.php\/wp-json\/wp\/v2\/types\/page"}],"author":[{"embeddable":true,"href":"https:\/\/eurocc2.web.ua.pt\/index.php\/wp-json\/wp\/v2\/users\/1"}],"replies":[{"embeddable":true,"href":"https:\/\/eurocc2.web.ua.pt\/index.php\/wp-json\/wp\/v2\/comments?post=103"}],"version-history":[{"count":17,"href":"https:\/\/eurocc2.web.ua.pt\/index.php\/wp-json\/wp\/v2\/pages\/103\/revisions"}],"predecessor-version":[{"id":742,"href":"https:\/\/eurocc2.web.ua.pt\/index.php\/wp-json\/wp\/v2\/pages\/103\/revisions\/742"}],"wp:attachment":[{"href":"https:\/\/eurocc2.web.ua.pt\/index.php\/wp-json\/wp\/v2\/media?parent=103"}],"curies":[{"name":"wp","href":"https:\/\/api.w.org\/{rel}","templated":true}]}}